{"id":3,"date":"2023-11-26T20:11:54","date_gmt":"2023-11-26T20:11:54","guid":{"rendered":"https:\/\/themundotours.com\/blog\/?page_id=3"},"modified":"2024-01-01T17:01:32","modified_gmt":"2024-01-01T23:01:32","slug":"polizas_de_privacidad","status":"publish","type":"page","link":"https:\/\/themundotours.com\/blog\/polizas_de_privacidad\/","title":{"rendered":"P\u00f3lizas de Privacidad"},"content":{"rendered":"\n<h3 class=\"wp-block-heading\"><strong>Qui\u00e9nes somos<\/strong><\/h3>\n\n\n\n<pre class=\"wp-block-preformatted\"><strong>\u00a1Bienvenido a nuestro rinc\u00f3n en la web! Nos encuentras en: https:\/\/themundotours.com\/blog.<\/strong><\/pre>\n\n\n\n<h3 class=\"wp-block-heading\"><strong>Comentarios<\/strong><\/h3>\n\n\n\n<ul>\n<li><strong>Cuando dejas tus comentarios en nuestro sitio, recopilamos la informaci\u00f3n que compartes en el formulario de comentarios, adem\u00e1s de tu direcci\u00f3n IP y el agente de usuario de tu navegador para ayudarnos a detectar spam.<\/strong><\/li>\n\n\n\n<li><strong>A Gravatar le podemos proporcionar un c\u00f3digo an\u00f3nimo creado a partir de tu direcci\u00f3n de correo electr\u00f3nico (tambi\u00e9n llamado hash) para verificar si lo est\u00e1s utilizando. Puedes consultar la pol\u00edtica de privacidad del servicio Gravatar aqu\u00ed: https:\/\/automattic.com\/privacy\/. Despu\u00e9s de aprobar tu comentario, tu foto de perfil ser\u00e1 visible para el p\u00fablico junto con tu comentario.<\/strong><\/li>\n<\/ul>\n\n\n\n<h3 class=\"wp-block-heading\"><strong>Multimedia<\/strong><\/h3>\n\n\n\n<ul>\n<li><strong>Si decides subir im\u00e1genes a nuestro sitio web, te recomendamos evitar aquellas con datos de ubicaci\u00f3n incrustados (EXIF GPS). Los visitantes pueden descargar y extraer cualquier dato de ubicaci\u00f3n desde las im\u00e1genes en el sitio.<\/strong><\/li>\n<\/ul>\n\n\n\n<h3 class=\"wp-block-heading\"><strong>Cookies<\/strong><\/h3>\n\n\n\n<ul>\n<li><strong>Si dejas un comentario en nuestro sitio, puedes elegir guardar tu nombre, direcci\u00f3n de correo electr\u00f3nico y sitio web en cookies. Esto es para tu comodidad, as\u00ed no tendr\u00e1s que completar tus datos cada vez que dejes otro comentario. Estas cookies durar\u00e1n un a\u00f1o.<\/strong><\/li>\n\n\n\n<li><strong>Si visitas nuestra p\u00e1gina de inicio de sesi\u00f3n, configuraremos una cookie temporal para verificar si tu navegador acepta cookies. Esta cookie no contiene datos personales y se elimina cuando cierras tu navegador.<\/strong><\/li>\n\n\n\n<li><strong>Al iniciar sesi\u00f3n, tambi\u00e9n configuramos varias cookies para guardar tu informaci\u00f3n de inicio de sesi\u00f3n y tus preferencias de visualizaci\u00f3n. Las cookies de inicio de sesi\u00f3n duran dos d\u00edas, mientras que las cookies de preferencias de pantalla duran un a\u00f1o. Si seleccionas &#8220;Recordarme&#8221;, tu inicio de sesi\u00f3n persistir\u00e1 durante dos semanas. Si cierras la sesi\u00f3n, las cookies de inicio de sesi\u00f3n se eliminar\u00e1n.<\/strong><\/li>\n\n\n\n<li><strong>Si editas o publicas un art\u00edculo, se guardar\u00e1 una cookie adicional en tu navegador. Esta cookie no incluye datos personales y simplemente indica el ID del art\u00edculo que acabas de editar. Expira despu\u00e9s de 1 d\u00eda.<\/strong><\/li>\n<\/ul>\n\n\n\n<h3 class=\"wp-block-heading\"><strong>Contenido incrustado de otros sitios web<\/strong><\/h3>\n\n\n\n<ul>\n<li><strong>Los art\u00edculos en nuestro sitio pueden incluir contenido incrustado (videos, im\u00e1genes, art\u00edculos, etc.). Este contenido se comporta de la misma manera que si hubieras visitado el otro sitio web.<\/strong><\/li>\n\n\n\n<li><strong>Estos sitios web pueden recopilar datos, usar cookies, incorporar seguimiento de terceros y monitorear tu interacci\u00f3n con ese contenido incrustado, incluso si tienes una cuenta y est\u00e1s conectado a ese sitio.<\/strong><\/li>\n<\/ul>\n\n\n\n<h3 class=\"wp-block-heading\"><strong>Con qui\u00e9n compartimos tus datos<\/strong><\/h3>\n\n\n\n<ul>\n<li>Solo con otras herramientas que tu uses, como enlaces de redes sociales. <strong>Si solicitas restablecer tu contrase\u00f1a, tu direcci\u00f3n IP se incluir\u00e1 en el correo de restablecimiento.<\/strong><\/li>\n<\/ul>\n\n\n\n<h3 class=\"wp-block-heading\"><strong>Cu\u00e1nto tiempo conservamos tus datos<\/strong><\/h3>\n\n\n\n<ul>\n<li><strong>Si dejas un comentario, este y sus metadatos se retendr\u00e1n indefinidamente. Esto facilita el reconocimiento y la aprobaci\u00f3n autom\u00e1ticos de comentarios de seguimiento en lugar de retenerlos en espera de moderaci\u00f3n.<\/strong><\/li>\n\n\n\n<li><strong>Para los usuarios registrados en nuestro sitio web, almacenamos la informaci\u00f3n personal que proporcionan en su perfil. Todos pueden ver, editar o eliminar su informaci\u00f3n personal en cualquier momento (excepto el nombre de usuario, que no puede cambiarse). Los administradores del sitio tambi\u00e9n pueden ver y editar esa informaci\u00f3n.<\/strong><\/li>\n<\/ul>\n\n\n\n<h3 class=\"wp-block-heading\"><strong>Tus derechos sobre tus datos<\/strong><\/h3>\n\n\n\n<ul>\n<li><strong>Si tienes una cuenta en nuestro sitio o has dejado comentarios, puedes solicitarnos un archivo exportado con los datos personales que tenemos sobre ti, incluidos los que nos has proporcionado. Tambi\u00e9n puedes pedir que eliminemos cualquier dato personal que tengamos tuyo. Esto no incluye datos que estemos obligados a conservar por razones administrativas, legales o de seguridad.<\/strong><\/li>\n<\/ul>\n\n\n\n<h3 class=\"wp-block-heading\"><strong>D\u00f3nde se env\u00edan tus datos<\/strong><\/h3>\n\n\n\n<ul>\n<li><strong>Los comentarios de los visitantes pueden ser revisados mediante un servicio automatizado de detecci\u00f3n de spam. Nuestra filosof\u00eda es decir \u201cNo\u201d al spam.&nbsp;<\/strong>\n<ul>\n<li><strong>Gracias por tu visita<\/strong><\/li>\n<\/ul>\n<\/li>\n<\/ul>\n","protected":false},"excerpt":{"rendered":"<p>Qui\u00e9nes somos \u00a1Bienvenido a nuestro rinc\u00f3n en la web! Nos encuentras en: https:\/\/themundotours.com\/blog. Comentarios Multimedia Cookies Contenido incrustado de otros sitios web Con qui\u00e9n compartimos tus datos Cu\u00e1nto tiempo conservamos tus datos Tus derechos sobre tus datos D\u00f3nde se env\u00edan tus datos<\/p>\n","protected":false},"author":1,"featured_media":0,"parent":0,"menu_order":0,"comment_status":"closed","ping_status":"open","template":"","meta":{"om_disable_all_campaigns":false,"_monsterinsights_skip_tracking":false,"_monsterinsights_sitenote_active":false,"_monsterinsights_sitenote_note":"","_monsterinsights_sitenote_category":0,"footnotes":""},"aioseo_notices":[],"_links":{"self":[{"href":"https:\/\/themundotours.com\/blog\/wp-json\/wp\/v2\/pages\/3"}],"collection":[{"href":"https:\/\/themundotours.com\/blog\/wp-json\/wp\/v2\/pages"}],"about":[{"href":"https:\/\/themundotours.com\/blog\/wp-json\/wp\/v2\/types\/page"}],"author":[{"embeddable":true,"href":"https:\/\/themundotours.com\/blog\/wp-json\/wp\/v2\/users\/1"}],"replies":[{"embeddable":true,"href":"https:\/\/themundotours.com\/blog\/wp-json\/wp\/v2\/comments?post=3"}],"version-history":[{"count":2,"href":"https:\/\/themundotours.com\/blog\/wp-json\/wp\/v2\/pages\/3\/revisions"}],"predecessor-version":[{"id":1972,"href":"https:\/\/themundotours.com\/blog\/wp-json\/wp\/v2\/pages\/3\/revisions\/1972"}],"wp:attachment":[{"href":"https:\/\/themundotours.com\/blog\/wp-json\/wp\/v2\/media?parent=3"}],"curies":[{"name":"wp","href":"https:\/\/api.w.org\/{rel}","templated":true}]}}